{"id":2338,"date":"2018-07-23T15:50:03","date_gmt":"2018-07-23T15:50:03","guid":{"rendered":"https:\/\/hospederiasdearagon.com\/contacto\/"},"modified":"2025-12-02T18:00:10","modified_gmt":"2025-12-02T18:00:10","slug":"contacto","status":"publish","type":"page","link":"https:\/\/hospederiasdearagon.com\/fr\/contacto\/","title":{"rendered":"CONTACT"},"content":{"rendered":"\t\t<div data-elementor-type=\"wp-post\" data-elementor-id=\"2338\" class=\"elementor elementor-2338 elementor-1705\" data-elementor-post-type=\"page\">\n\t\t\t\t\t\t<section class=\"elementor-section elementor-top-section elementor-element elementor-element-53b8bba0 elementor-section-content-middle elementor-section-boxed elementor-section-height-default elementor-section-height-default\" data-id=\"53b8bba0\" data-element_type=\"section\" data-settings=\"{&quot;background_background&quot;:&quot;classic&quot;}\">\n\t\t\t\t\t\t\t<div class=\"elementor-background-overlay\"><\/div>\n\t\t\t\t\t\t\t<div class=\"elementor-container elementor-column-gap-default\">\n\t\t\t\t\t<div class=\"elementor-column elementor-col-100 elementor-top-column elementor-element elementor-element-4b0fb159\" data-id=\"4b0fb159\" data-element_type=\"column\">\n\t\t\t<div class=\"elementor-widget-wrap elementor-element-populated\">\n\t\t\t\t\t\t<div class=\"elementor-element elementor-element-7c5a1fc1 elementor-invisible elementor-widget elementor-widget-heading\" data-id=\"7c5a1fc1\" data-element_type=\"widget\" data-settings=\"{&quot;_animation&quot;:&quot;fadeInDown&quot;}\" data-widget_type=\"heading.default\">\n\t\t\t\t<div class=\"elementor-widget-container\">\n\t\t\t\t\t<h1 class=\"elementor-heading-title elementor-size-default\">CONTACTEZ-NOUS<\/h1>\t\t\t\t<\/div>\n\t\t\t\t<\/div>\n\t\t\t\t<div class=\"elementor-element elementor-element-ea559b4 elementor-invisible elementor-widget elementor-widget-heading\" data-id=\"ea559b4\" data-element_type=\"widget\" data-settings=\"{&quot;_animation&quot;:&quot;fadeIn&quot;}\" data-widget_type=\"heading.default\">\n\t\t\t\t<div class=\"elementor-widget-container\">\n\t\t\t\t\t<span class=\"elementor-heading-title elementor-size-default\">Nous sommes \u00e0 votre service<\/span>\t\t\t\t<\/div>\n\t\t\t\t<\/div>\n\t\t\t\t\t<\/div>\n\t\t<\/div>\n\t\t\t\t\t<\/div>\n\t\t<\/section>\n\t\t\t\t<section class=\"elementor-section elementor-top-section elementor-element elementor-element-6690d93b elementor-section-boxed elementor-section-height-default elementor-section-height-default\" data-id=\"6690d93b\" data-element_type=\"section\" data-settings=\"{&quot;background_background&quot;:&quot;classic&quot;}\">\n\t\t\t\t\t\t<div class=\"elementor-container elementor-column-gap-default\">\n\t\t\t\t\t<div class=\"elementor-column elementor-col-100 elementor-top-column elementor-element elementor-element-ea87928\" data-id=\"ea87928\" data-element_type=\"column\">\n\t\t\t<div class=\"elementor-widget-wrap elementor-element-populated\">\n\t\t\t\t\t\t<section class=\"elementor-section elementor-inner-section elementor-element elementor-element-250c0ed2 elementor-section-boxed elementor-section-height-default elementor-section-height-default\" data-id=\"250c0ed2\" data-element_type=\"section\">\n\t\t\t\t\t\t<div class=\"elementor-container elementor-column-gap-default\">\n\t\t\t\t\t<div class=\"elementor-column elementor-col-100 elementor-inner-column elementor-element elementor-element-3de4c596\" data-id=\"3de4c596\" data-element_type=\"column\">\n\t\t\t<div class=\"elementor-widget-wrap elementor-element-populated\">\n\t\t\t\t\t\t<div class=\"elementor-element elementor-element-5dab7d52 elementor-widget elementor-widget-text-editor\" data-id=\"5dab7d52\" data-element_type=\"widget\" data-widget_type=\"text-editor.default\">\n\t\t\t\t<div class=\"elementor-widget-container\">\n\t\t\t\t\t\t\t\t\t<p>Ce site est la propri\u00e9t\u00e9 de Turismo de Arag\u00f3n. Ce sont nos donn\u00e9es pour que vous nous contactez pour obtenir des informations g\u00e9n\u00e9rales.<\/p>\n\t\t\t\t\t\t\t\t<\/div>\n\t\t\t\t<\/div>\n\t\t\t\t\t<\/div>\n\t\t<\/div>\n\t\t\t\t\t<\/div>\n\t\t<\/section>\n\t\t\t\t\t<\/div>\n\t\t<\/div>\n\t\t\t\t\t<\/div>\n\t\t<\/section>\n\t\t\t\t<section class=\"elementor-section elementor-top-section elementor-element elementor-element-2b55a521 elementor-section-boxed elementor-section-height-default elementor-section-height-default\" data-id=\"2b55a521\" data-element_type=\"section\" data-settings=\"{&quot;background_background&quot;:&quot;classic&quot;}\">\n\t\t\t\t\t\t<div class=\"elementor-container elementor-column-gap-default\">\n\t\t\t\t\t<div class=\"elementor-column elementor-col-33 elementor-top-column elementor-element elementor-element-6c2621bf\" data-id=\"6c2621bf\" data-element_type=\"column\">\n\t\t\t<div class=\"elementor-widget-wrap elementor-element-populated\">\n\t\t\t\t\t\t<div class=\"elementor-element elementor-element-72c68222 elementor-view-default elementor-position-block-start elementor-mobile-position-block-start elementor-widget elementor-widget-icon-box\" data-id=\"72c68222\" data-element_type=\"widget\" data-widget_type=\"icon-box.default\">\n\t\t\t\t<div class=\"elementor-widget-container\">\n\t\t\t\t\t\t\t<div class=\"elementor-icon-box-wrapper\">\n\n\t\t\t\t\t\t<div class=\"elementor-icon-box-icon\">\n\t\t\t\t<span  class=\"elementor-icon\">\n\t\t\t\t<i aria-hidden=\"true\" class=\"fas fa-phone\"><\/i>\t\t\t\t<\/span>\n\t\t\t<\/div>\n\t\t\t\n\t\t\t\t\t\t<div class=\"elementor-icon-box-content\">\n\n\t\t\t\t\t\t\t\t\t<h3 class=\"elementor-icon-box-title\">\n\t\t\t\t\t\t<span  >\n\t\t\t\t\t\t\t T\u00c9L\u00c9PHONE\t\t\t\t\t\t<\/span>\n\t\t\t\t\t<\/h3>\n\t\t\t\t\n\t\t\t\t\t\t\t\t\t<p class=\"elementor-icon-box-description\">\n\t\t\t\t\t\tBureau d\u2019information touristique d\u2019Aragon\t\t\t\t\t<\/p>\n\t\t\t\t\n\t\t\t<\/div>\n\t\t\t\n\t\t<\/div>\n\t\t\t\t\t\t<\/div>\n\t\t\t\t<\/div>\n\t\t\t\t<div class=\"elementor-element elementor-element-3f9f4b30 elementor-widget elementor-widget-heading\" data-id=\"3f9f4b30\" data-element_type=\"widget\" data-widget_type=\"heading.default\">\n\t\t\t\t<div class=\"elementor-widget-container\">\n\t\t\t\t\t<p class=\"elementor-heading-title elementor-size-large\"><a href=\"tel:+34%20976%20282%20181\">+34 976 282 181<\/a><\/p>\t\t\t\t<\/div>\n\t\t\t\t<\/div>\n\t\t\t\t\t<\/div>\n\t\t<\/div>\n\t\t\t\t<div class=\"elementor-column elementor-col-33 elementor-top-column elementor-element elementor-element-40be2490\" data-id=\"40be2490\" data-element_type=\"column\">\n\t\t\t<div class=\"elementor-widget-wrap elementor-element-populated\">\n\t\t\t\t\t\t<div class=\"elementor-element elementor-element-72c3a631 elementor-view-default elementor-position-block-start elementor-mobile-position-block-start elementor-widget elementor-widget-icon-box\" data-id=\"72c3a631\" data-element_type=\"widget\" data-widget_type=\"icon-box.default\">\n\t\t\t\t<div class=\"elementor-widget-container\">\n\t\t\t\t\t\t\t<div class=\"elementor-icon-box-wrapper\">\n\n\t\t\t\t\t\t<div class=\"elementor-icon-box-icon\">\n\t\t\t\t<span  class=\"elementor-icon\">\n\t\t\t\t<i aria-hidden=\"true\" class=\"far fa-envelope\"><\/i>\t\t\t\t<\/span>\n\t\t\t<\/div>\n\t\t\t\n\t\t\t\t\t\t<div class=\"elementor-icon-box-content\">\n\n\t\t\t\t\t\t\t\t\t<h3 class=\"elementor-icon-box-title\">\n\t\t\t\t\t\t<span  >\n\t\t\t\t\t\t\temail\t\t\t\t\t\t<\/span>\n\t\t\t\t\t<\/h3>\n\t\t\t\t\n\t\t\t\t\t\t\t\t\t<p class=\"elementor-icon-box-description\">\n\t\t\t\t\t\tCeci est la bo\u00eete aux lettres g\u00e9n\u00e9rale des\u00a0hospeder\u00edas d\u2019Arag\u00f3n du Web\t\t\t\t\t<\/p>\n\t\t\t\t\n\t\t\t<\/div>\n\t\t\t\n\t\t<\/div>\n\t\t\t\t\t\t<\/div>\n\t\t\t\t<\/div>\n\t\t\t\t<div class=\"elementor-element elementor-element-6fe2c4ff elementor-widget elementor-widget-heading\" data-id=\"6fe2c4ff\" data-element_type=\"widget\" data-widget_type=\"heading.default\">\n\t\t\t\t<div class=\"elementor-widget-container\">\n\t\t\t\t\t<p class=\"elementor-heading-title elementor-size-large\"><a href=\"mailto:turismodearagon@aragon.es\">turismodearagon@aragon.es<\/a><\/p>\t\t\t\t<\/div>\n\t\t\t\t<\/div>\n\t\t\t\t\t<\/div>\n\t\t<\/div>\n\t\t\t\t<div class=\"elementor-column elementor-col-33 elementor-top-column elementor-element elementor-element-1dbeb456\" data-id=\"1dbeb456\" data-element_type=\"column\">\n\t\t\t<div class=\"elementor-widget-wrap elementor-element-populated\">\n\t\t\t\t\t\t<div class=\"elementor-element elementor-element-3fc70c15 elementor-view-default elementor-position-block-start elementor-mobile-position-block-start elementor-widget elementor-widget-icon-box\" data-id=\"3fc70c15\" data-element_type=\"widget\" data-widget_type=\"icon-box.default\">\n\t\t\t\t<div class=\"elementor-widget-container\">\n\t\t\t\t\t\t\t<div class=\"elementor-icon-box-wrapper\">\n\n\t\t\t\t\t\t<div class=\"elementor-icon-box-icon\">\n\t\t\t\t<span  class=\"elementor-icon\">\n\t\t\t\t<i aria-hidden=\"true\" class=\"fas fa-home\"><\/i>\t\t\t\t<\/span>\n\t\t\t<\/div>\n\t\t\t\n\t\t\t\t\t\t<div class=\"elementor-icon-box-content\">\n\n\t\t\t\t\t\t\t\t\t<h3 class=\"elementor-icon-box-title\">\n\t\t\t\t\t\t<span  >\n\t\t\t\t\t\t\tADRESSE\t\t\t\t\t\t<\/span>\n\t\t\t\t\t<\/h3>\n\t\t\t\t\n\t\t\t\t\t\t\t\t\t<p class=\"elementor-icon-box-description\">\n\t\t\t\t\t\tPlaza Espa\u00f1a, 1, 50004 Zaragoza\t\t\t\t\t<\/p>\n\t\t\t\t\n\t\t\t<\/div>\n\t\t\t\n\t\t<\/div>\n\t\t\t\t\t\t<\/div>\n\t\t\t\t<\/div>\n\t\t\t\t\t<\/div>\n\t\t<\/div>\n\t\t\t\t\t<\/div>\n\t\t<\/section>\n\t\t\t\t<\/div>\n\t\t","protected":false},"excerpt":{"rendered":"<p>CONTACTEZ-NOUS Nous sommes \u00e0 votre service Ce site est la propri\u00e9t\u00e9 de Turismo de Arag\u00f3n. Ce sont nos donn\u00e9es pour que vous nous contactez pour obtenir des informations g\u00e9n\u00e9rales. T\u00c9L\u00c9PHONE Bureau d\u2019information touristique d\u2019Aragon +34 976 282 181 email Ceci est la bo\u00eete aux lettres g\u00e9n\u00e9rale des\u00a0hospeder\u00edas d\u2019Arag\u00f3n du Web turismodearagon@aragon.es ADRESSE Plaza Espa\u00f1a, 1, &#8230; <a title=\"CONTACT\" class=\"read-more\" href=\"https:\/\/hospederiasdearagon.com\/fr\/contacto\/\" aria-label=\"En savoir plus sur CONTACT\">Read more<\/a><\/p>\n","protected":false},"author":2,"featured_media":0,"parent":0,"menu_order":14,"comment_status":"closed","ping_status":"closed","template":"elementor_header_footer","meta":{"footnotes":""},"class_list":["post-2338","page","type-page","status-publish"],"yoast_head":"<!-- This site is optimized with the Yoast SEO plugin v26.6 - https:\/\/yoast.com\/wordpress\/plugins\/seo\/ -->\n<title>CONTACT - Hospeder\u00edas de Arag\u00f3n<\/title>\n<meta name=\"robots\" content=\"index, follow, max-snippet:-1, max-image-preview:large, max-video-preview:-1\" \/>\n<link rel=\"canonical\" href=\"https:\/\/hospederiasdearagon.com\/contacto\/\" \/>\n<meta property=\"og:locale\" content=\"fr_FR\" \/>\n<meta property=\"og:type\" content=\"article\" \/>\n<meta property=\"og:title\" content=\"CONTACT - Hospeder\u00edas de Arag\u00f3n\" \/>\n<meta property=\"og:description\" content=\"CONTACTEZ-NOUS Nous sommes \u00e0 votre service Ce site est la propri\u00e9t\u00e9 de Turismo de Arag\u00f3n. Ce sont nos donn\u00e9es pour que vous nous contactez pour obtenir des informations g\u00e9n\u00e9rales. T\u00c9L\u00c9PHONE Bureau d\u2019information touristique d\u2019Aragon +34 976 282 181 email Ceci est la bo\u00eete aux lettres g\u00e9n\u00e9rale des\u00a0hospeder\u00edas d\u2019Arag\u00f3n du Web turismodearagon@aragon.es ADRESSE Plaza Espa\u00f1a, 1, ... Read more\" \/>\n<meta property=\"og:url\" content=\"https:\/\/hospederiasdearagon.com\/contacto\/\" \/>\n<meta property=\"og:site_name\" content=\"Hospeder\u00edas de Arag\u00f3n\" \/>\n<meta property=\"article:modified_time\" content=\"2025-12-02T18:00:10+00:00\" \/>\n<meta property=\"og:image\" content=\"https:\/\/hospederiasdearagon.com\/wp-content\/uploads\/2018\/04\/logo-hospederias-aragon.jpg\" \/>\n\t<meta property=\"og:image:width\" content=\"250\" \/>\n\t<meta property=\"og:image:height\" content=\"100\" \/>\n\t<meta property=\"og:image:type\" content=\"image\/jpeg\" \/>\n<meta name=\"twitter:card\" content=\"summary_large_image\" \/>\n<script type=\"application\/ld+json\" class=\"yoast-schema-graph\">{\"@context\":\"https:\/\/schema.org\",\"@graph\":[{\"@type\":\"WebPage\",\"@id\":\"https:\/\/hospederiasdearagon.com\/contacto\/\",\"url\":\"https:\/\/hospederiasdearagon.com\/contacto\/\",\"name\":\"CONTACT - Hospeder\u00edas de Arag\u00f3n\",\"isPartOf\":{\"@id\":\"https:\/\/hospederiasdearagon.com\/#website\"},\"datePublished\":\"2018-07-23T15:50:03+00:00\",\"dateModified\":\"2025-12-02T18:00:10+00:00\",\"breadcrumb\":{\"@id\":\"https:\/\/hospederiasdearagon.com\/contacto\/#breadcrumb\"},\"inLanguage\":\"fr-FR\",\"potentialAction\":[{\"@type\":\"ReadAction\",\"target\":[\"https:\/\/hospederiasdearagon.com\/contacto\/\"]}]},{\"@type\":\"BreadcrumbList\",\"@id\":\"https:\/\/hospederiasdearagon.com\/contacto\/#breadcrumb\",\"itemListElement\":[{\"@type\":\"ListItem\",\"position\":1,\"name\":\"Portada\",\"item\":\"https:\/\/hospederiasdearagon.com\/\"},{\"@type\":\"ListItem\",\"position\":2,\"name\":\"CONTACT\"}]},{\"@type\":\"WebSite\",\"@id\":\"https:\/\/hospederiasdearagon.com\/#website\",\"url\":\"https:\/\/hospederiasdearagon.com\/\",\"name\":\"Hospeder\u00edas de Arag\u00f3n\",\"description\":\"Turismo de Arag\u00f3n\",\"publisher\":{\"@id\":\"https:\/\/hospederiasdearagon.com\/#organization\"},\"potentialAction\":[{\"@type\":\"SearchAction\",\"target\":{\"@type\":\"EntryPoint\",\"urlTemplate\":\"https:\/\/hospederiasdearagon.com\/?s={search_term_string}\"},\"query-input\":{\"@type\":\"PropertyValueSpecification\",\"valueRequired\":true,\"valueName\":\"search_term_string\"}}],\"inLanguage\":\"fr-FR\"},{\"@type\":\"Organization\",\"@id\":\"https:\/\/hospederiasdearagon.com\/#organization\",\"name\":\"Hospeder\u00edas de Arag\u00f3n - Turismo de Arag\u00f3n\",\"url\":\"https:\/\/hospederiasdearagon.com\/\",\"logo\":{\"@type\":\"ImageObject\",\"inLanguage\":\"fr-FR\",\"@id\":\"https:\/\/hospederiasdearagon.com\/#\/schema\/logo\/image\/\",\"url\":\"https:\/\/hospederiasdearagon.com\/wp-content\/uploads\/2019\/11\/logo-h-hospederias-de-aragon.png\",\"contentUrl\":\"https:\/\/hospederiasdearagon.com\/wp-content\/uploads\/2019\/11\/logo-h-hospederias-de-aragon.png\",\"width\":1952,\"height\":472,\"caption\":\"Hospeder\u00edas de Arag\u00f3n - Turismo de Arag\u00f3n\"},\"image\":{\"@id\":\"https:\/\/hospederiasdearagon.com\/#\/schema\/logo\/image\/\"}}]}<\/script>\n<!-- \/ Yoast SEO plugin. -->","yoast_head_json":{"title":"CONTACT - Hospeder\u00edas de Arag\u00f3n","robots":{"index":"index","follow":"follow","max-snippet":"max-snippet:-1","max-image-preview":"max-image-preview:large","max-video-preview":"max-video-preview:-1"},"canonical":"https:\/\/hospederiasdearagon.com\/contacto\/","og_locale":"fr_FR","og_type":"article","og_title":"CONTACT - Hospeder\u00edas de Arag\u00f3n","og_description":"CONTACTEZ-NOUS Nous sommes \u00e0 votre service Ce site est la propri\u00e9t\u00e9 de Turismo de Arag\u00f3n. Ce sont nos donn\u00e9es pour que vous nous contactez pour obtenir des informations g\u00e9n\u00e9rales. T\u00c9L\u00c9PHONE Bureau d\u2019information touristique d\u2019Aragon +34 976 282 181 email Ceci est la bo\u00eete aux lettres g\u00e9n\u00e9rale des\u00a0hospeder\u00edas d\u2019Arag\u00f3n du Web turismodearagon@aragon.es ADRESSE Plaza Espa\u00f1a, 1, ... Read more","og_url":"https:\/\/hospederiasdearagon.com\/contacto\/","og_site_name":"Hospeder\u00edas de Arag\u00f3n","article_modified_time":"2025-12-02T18:00:10+00:00","og_image":[{"width":250,"height":100,"url":"https:\/\/hospederiasdearagon.com\/wp-content\/uploads\/2018\/04\/logo-hospederias-aragon.jpg","type":"image\/jpeg"}],"twitter_card":"summary_large_image","schema":{"@context":"https:\/\/schema.org","@graph":[{"@type":"WebPage","@id":"https:\/\/hospederiasdearagon.com\/contacto\/","url":"https:\/\/hospederiasdearagon.com\/contacto\/","name":"CONTACT - Hospeder\u00edas de Arag\u00f3n","isPartOf":{"@id":"https:\/\/hospederiasdearagon.com\/#website"},"datePublished":"2018-07-23T15:50:03+00:00","dateModified":"2025-12-02T18:00:10+00:00","breadcrumb":{"@id":"https:\/\/hospederiasdearagon.com\/contacto\/#breadcrumb"},"inLanguage":"fr-FR","potentialAction":[{"@type":"ReadAction","target":["https:\/\/hospederiasdearagon.com\/contacto\/"]}]},{"@type":"BreadcrumbList","@id":"https:\/\/hospederiasdearagon.com\/contacto\/#breadcrumb","itemListElement":[{"@type":"ListItem","position":1,"name":"Portada","item":"https:\/\/hospederiasdearagon.com\/"},{"@type":"ListItem","position":2,"name":"CONTACT"}]},{"@type":"WebSite","@id":"https:\/\/hospederiasdearagon.com\/#website","url":"https:\/\/hospederiasdearagon.com\/","name":"Hospeder\u00edas de Arag\u00f3n","description":"Turismo de Arag\u00f3n","publisher":{"@id":"https:\/\/hospederiasdearagon.com\/#organization"},"potentialAction":[{"@type":"SearchAction","target":{"@type":"EntryPoint","urlTemplate":"https:\/\/hospederiasdearagon.com\/?s={search_term_string}"},"query-input":{"@type":"PropertyValueSpecification","valueRequired":true,"valueName":"search_term_string"}}],"inLanguage":"fr-FR"},{"@type":"Organization","@id":"https:\/\/hospederiasdearagon.com\/#organization","name":"Hospeder\u00edas de Arag\u00f3n - Turismo de Arag\u00f3n","url":"https:\/\/hospederiasdearagon.com\/","logo":{"@type":"ImageObject","inLanguage":"fr-FR","@id":"https:\/\/hospederiasdearagon.com\/#\/schema\/logo\/image\/","url":"https:\/\/hospederiasdearagon.com\/wp-content\/uploads\/2019\/11\/logo-h-hospederias-de-aragon.png","contentUrl":"https:\/\/hospederiasdearagon.com\/wp-content\/uploads\/2019\/11\/logo-h-hospederias-de-aragon.png","width":1952,"height":472,"caption":"Hospeder\u00edas de Arag\u00f3n - Turismo de Arag\u00f3n"},"image":{"@id":"https:\/\/hospederiasdearagon.com\/#\/schema\/logo\/image\/"}}]}},"_links":{"self":[{"href":"https:\/\/hospederiasdearagon.com\/fr\/wp-json\/wp\/v2\/pages\/2338","targetHints":{"allow":["GET"]}}],"collection":[{"href":"https:\/\/hospederiasdearagon.com\/fr\/wp-json\/wp\/v2\/pages"}],"about":[{"href":"https:\/\/hospederiasdearagon.com\/fr\/wp-json\/wp\/v2\/types\/page"}],"author":[{"embeddable":true,"href":"https:\/\/hospederiasdearagon.com\/fr\/wp-json\/wp\/v2\/users\/2"}],"replies":[{"embeddable":true,"href":"https:\/\/hospederiasdearagon.com\/fr\/wp-json\/wp\/v2\/comments?post=2338"}],"version-history":[{"count":9,"href":"https:\/\/hospederiasdearagon.com\/fr\/wp-json\/wp\/v2\/pages\/2338\/revisions"}],"predecessor-version":[{"id":6750,"href":"https:\/\/hospederiasdearagon.com\/fr\/wp-json\/wp\/v2\/pages\/2338\/revisions\/6750"}],"wp:attachment":[{"href":"https:\/\/hospederiasdearagon.com\/fr\/wp-json\/wp\/v2\/media?parent=2338"}],"curies":[{"name":"wp","href":"https:\/\/api.w.org\/{rel}","templated":true}]}}